{"id":57,"date":"2019-08-13T22:38:26","date_gmt":"2019-08-13T20:38:26","guid":{"rendered":"http:\/\/www.reussir-l-ecole.fr\/?page_id=57"},"modified":"2024-08-22T00:12:01","modified_gmt":"2024-08-21T22:12:01","slug":"courriers-de-satisfaction","status":"publish","type":"page","link":"https:\/\/www.reussir-l-ecole.fr\/?page_id=57","title":{"rendered":"Courriers de satisfaction"},"content":{"rendered":"\n<p> <p>07\/08\/2024- Mme Carole P-A. &#8211; 38640  Claix &#8211;<\/p>\u00a0\u00bb Je voulais vous remercier pour ma fille \u00c9lise. gr\u00e2ce \u00e0 sa professeur, Elise a r\u00e9ussi ses \u00e9preuves de fran\u00e7ais, elle a eu 15 \u00e0 l&rsquo;oral et 11  \u00e0 l\u2019\u00e9crit.\u00a0\u00bb<\/p>\n\n\n\n<p>11\/03\/2023- Mme Laurence R. &#8211; 38450 Saint-Georges de Commiers &#8211;<\/p>\n\n\n\n<p>\u00a0\u00bb Le cours s&rsquo;est tr\u00e8s bien pass\u00e9. Ma fille \u00e9tait ravie et beaucoup plus confiante. Le professeur est tr\u00e8s agr\u00e9able et bienveillant. \u00ab\u00a0<\/p>\n\n\n\n<p>14\/06\/2022 &#8211; Mme Laurence F. &#8211; 38560 Champ sur Drac &#8211;<\/p>\n\n\n\n<p>\u00a0\u00bb La  responsable madame Perrin est \u00e0 l&rsquo;\u00e9coute des besoins et trouve le bon intervenant.\u00a0\u00bb<\/p>\n\n\n\n<p>16\/03\/2022 &#8211; Mme Johanne B. &#8211; 38640 Claix &#8211;<\/p>\n\n\n\n<p>\u00a0\u00bb Je tiens \u00e0 vous remercier d&rsquo;avoir trouv\u00e9 un professeur de maths \u00e0 mon fils. Il est enchant\u00e9.\u00a0\u00bb<\/p>\n\n\n\n<p>05\/05\/2021 &#8211; Mme Marie S. &#8211; 38640 Claix &#8211;<\/p>\n\n\n\n<p>\u00ab&nbsp; Lola a effectu\u00e9 une tr\u00e8s bonne ann\u00e9e de CP avec l\u2019aide de Christine qui est une personne fantastique! Encore merci pour votre soutien. \u00bb<strong><\/strong><\/p>\n\n\n\n<p>14\/06\/2020 &#8211; Mme Martine D. &#8211; 38800 Le Pont de Claix &#8211;<\/p>\n\n\n\n<p>\u00ab&nbsp; En vous remerciant du s\u00e9rieux de votre association,je vous fais part de mon enti\u00e8re satisfaction concernant les cours et l\u2019organisation. \u00bb<\/p>\n\n\n\n<p>19\/01\/2019 &#8211; M. Lucas L . &#8211; 38350 La Mure &#8211;<\/p>\n\n\n\n<p>\u00ab&nbsp; Professeur comp\u00e9tent et efficace. Bon relationnel avec la responsable.&nbsp;\u00bb<\/p>\n\n\n\n<p>3\/06\/2018 &#8211; Mme&nbsp; Sandride B-T. &#8211; 38760 Saint-Paul de Varces \u2013<br> \u00ab j&rsquo;ai appr\u00e9ci\u00e9 la rapidit\u00e9 de la mise en place du professeur ,l&rsquo;\u00e9coute et la prise en compte de la dislexie de mon fils, ainsi que les m\u00e9thodes de travail donn\u00e9es par le professeur qui \u00e9tait de qualit\u00e9&nbsp; \u00bb<br> <br> 08\/10\/2017 &#8211; Mme Mary T. \u2013 38350 La Mure \u2013<br> \u00ab Romain est revenu enchant\u00e9e de son premier cours avec Yann.je tiens \u00e0 vous exprimer toute ma gratitude,c&rsquo;est un soulagement pour nous de savoir que Romain va pouvoir \u00eatre aid\u00e9 efficacement dans ses difficult\u00e9s \u00bb<\/p>\n\n\n\n<p>13\/02\/2018 \u2013 Mme Chantal T. &#8211; 38170 Seyssinet &nbsp; \u2013<br>\n\u00ab Responsable tr\u00e8s \u00e0 l&rsquo;\u00e9coute de nos demandes. Bonne prise en compte de nos\nsouhaits concernant le choix du professeur&nbsp;\u00bb<\/p>\n\n\n\n<p>&nbsp;01\/02\/2018 \u2013 M. Eric G-T. &#8211; 38760 Varces&nbsp;&nbsp; \u2013<br>\n\u00ab Organisme \u00e0 l\u2019\u00e9coute des besoins de la famille \u00bb<\/p>\n\n\n\n<p>21\/01\/2018 \u2013 Mme Magali C.. \u2013 38450 Vif \u2013<br>\n\u00ab professeur qui a de bonnes m\u00e9thodes pour aborder les points \u00e0 travailler \u00bb<\/p>\n\n\n\n<p>&nbsp;19\/01\/2018 \u2013 M. Lucas L.. \u2013 38350 Ponsonnas \u2013<br>\n\u00ab professeur comp\u00e9tent et efficace. Bon relationnel avec madame Perrin \u00bb<\/p>\n\n\n\n<p>&nbsp;08\/12\/2017 \u2013 M. Denis L. \u2013 38450 Miribel-Lanchatre &nbsp; \u2013<br>\n\u00ab professeur tr\u00e8s \u00e0 l&rsquo;\u00e9coute de ma fille \u00bb<\/p>\n\n\n\n<p>29\/01\/2016 \u2013 Mme Laurence F. \u2013 38560 Champ sur Drac &nbsp; \u2013<br>\n\u00ab facilit\u00e9, rapidit\u00e9, fiabilit\u00e9 \u00bb<\/p>\n\n\n\n<p>02\/01\/2016 \u2013 Mme Nadia T. &#8211; 38640 Claix&nbsp;&nbsp; \u2013<br>\n\u00ab les s\u00e9ances ont \u00e9t\u00e9 tr\u00e8s b\u00e9n\u00e9fiques \u00e0 Sarah et la relation avec l&rsquo;enseignante\ns&rsquo;est tr\u00e8s bien pass\u00e9e. Merci \u00e0 Jo\u00eblle \u00bb<\/p>\n\n\n\n<p>&nbsp;13\/11\/2015 \u2013 Mme Corinne V. &#8211; 38450 Vif &nbsp; \u2013<br>\n\u00ab organisme s\u00e9rieux \u00bb<\/p>\n\n\n\n<p>30\/10\/2015 \u2013 Mme Anne D. &#8211; 38760 Varces&nbsp; \u2013<br>\n\u00ab proximiti\u00e9, r\u00e9activit\u00e9, bon contact&nbsp; \u00bb <\/p>\n\n\n\n<p>&nbsp;20\/05\/\/2015 \u2013 Mme&nbsp; Elisabeth V. &#8211; 38640 Claix&nbsp; \u2013<br>\n\u00ab&nbsp; organisme r\u00e9actif, s\u00e9rieux, comp\u00e9tent, pratique \u00bb<\/p>\n\n\n\n<p>&nbsp;02\/05\/2015 \u2013 Mme Fabienne B. &#8211; 38760 Varces&nbsp;&nbsp; \u2013<br>\n\u00abj&rsquo;appr\u00e9cie la souplesse, la r\u00e9activit\u00e9 de R\u00e9ussir l&rsquo;\u00e9cole&nbsp; et la qualit\u00e9\ndes cours \u00bb<\/p>\n\n\n\n<p>24\/04\/2015 \u2013 Mme Fran\u00e7oise T. &#8211; 38760 Varces&nbsp;&nbsp; \u2013<br>\n\u00abr\u00e9activit\u00e9, rapidit\u00e9 de la responsable qui est&nbsp; \u00e0 l&rsquo;\u00e9coute de l&rsquo;enfant.et\nen moins d&rsquo;une semaine un professeur nous contacte. l&rsquo;organisation est\nparfaite, ne changez rien&nbsp; \u00bb <\/p>\n\n\n\n<p>19\/03\/2015 \u2013 Mme St\u00e9phanie C. &#8211; 38560 Jarrie &nbsp; \u2013<br>\n\u00ab prise en charge imm\u00e9diate, \u00e9coute de madame Perrin lors du premier contact\nt\u00e9l\u00e9phonique et le s\u00e9rieux. Merci tout simplement\u00bb<\/p>\n\n\n\n<p>19\/03\/2015 \u2013 Mme Odile B. &#8211; 38640 Claix &nbsp; \u2013<br>\n\u00ab&nbsp; j&rsquo;appr\u00e9cie la comp\u00e9tence et la disponibilit\u00e9 des professeurs\u00bb <\/p>\n\n\n\n<p>&nbsp;06\/03\/2015 \u2013 Mme maryana B. &#8211; 38520 Eybens &nbsp; \u2013<br>\n\u00ab le professeur a \u00e9t\u00e9 trouv\u00e9 tr\u00e8s rapidement. Les cours sont efficaces. La\ngestion est tr\u00e8s rapide et surtout R\u00e9ussir l&rsquo;Ecole s&rsquo;adapte aux besoins des\nfamilles \u00bb<\/p>\n\n\n\n<p>16\/01\/2015 &#8211; M. Franck&nbsp; D.. &#8211; 38760 Varces &nbsp; \u2013<br>\n\u00abtoujours un prof disponible et cours de qualit\u00e9 \u00bb <\/p>\n\n\n\n<p>22\/08\/1014 \u2013 Mme Nathalie M. \u2013 38770 Monteynard&nbsp;&nbsp; \u2013<br> \u00ab Joris a toujours eu des professeurs avec lesquels cela s\u2019est bien pass\u00e9 et sa moyenne n\u2019a fait que progresser.16\/20 au BAC&nbsp;!! Merci. \u00bb <\/p>\n\n\n\n<p>27\/03\/1014 \u2013 Mme Val\u00e9rie S. &#8211; 38640 Claix&nbsp;&nbsp; \u2013<br> \u00ab proximit\u00e9, efficacit\u00e9 et \u00e9coute de R\u00e9ussir l\u2019Ecole <\/p>\n\n\n\n<p>11\/02\/1014 \u2013 Mme&nbsp;\u2026.. V. &#8211; 38760 Varces&nbsp;&nbsp; \u2013<br> \u00ab la demande a \u00e9t\u00e9 trait\u00e9e rapidement, et que le professeur se mette en relation directement avec le client est tr\u00e8s appr\u00e9ciable. \u00bb<br> <br> 19\/01\/2014 \u2013 Mme Virginie B. &#8211; 38560 Jarrie&nbsp;&nbsp; \u2013<br> \u00ab le s\u00e9rieux et la comp\u00e9tence r\u00e9elles du professeur qui fait de vrais&nbsp; efforts pour proposer \u00e0 l&rsquo;enfant autre chose que du \u00ab purement \u00bb scolaire. \u00bb<\/p>\n\n\n\n<p>20\/11\/2013 &#8211; Mme Odile B. &#8211; 38640 Claix&nbsp;&nbsp; \u2013<br>\n\u00ab R\u00e9ussir l\u2019Ecole propose de bons professeurs. \u00bb <\/p>\n\n\n\n<p>04\/11\/2013 &#8211; Mme Corinne V. &#8211; 38450 Vif&nbsp;&nbsp; \u2013<br>\n\u00ab Satisfaite du rapport qualit\u00e9 prix des cours et contente du professeur. \u00bb <\/p>\n\n\n\n<p>04\/11 \/2013 \u2013 Mme Val\u00e9rie B. &#8211; 38760 Varces&nbsp;&nbsp; \u2013<br>\n\u00ab j\u2019appr\u00e9cie la comp\u00e9tence des professeurs \u00bb <\/p>\n\n\n\n<p>&nbsp;14\/09\/2013 &#8211; Mme Odile B. &#8211; 38640 Claix&nbsp;&nbsp; \u2013<br>\n\u00ab R\u00e9ussir L&rsquo;Ecole propose de bons professeurs. \u00bb<\/p>\n\n\n\n<p>07\/07\/2013 &#8211; Mme Maria DA C. &#8211; 38450 Saint Georges de Commiers&nbsp;&nbsp; \u2013<br>\n\u00ab&nbsp; R\u00e9ussir l\u2019Ecole est un organisme compos\u00e9 de personnes de confiance. \u00bb <\/p>\n\n\n\n<p>13\/06\/2013 &#8211; Mme In\u00e8s R. &#8211; 38640 Claix &nbsp; \u2013<br>\n\u00ab Adrien a \u00e9norm\u00e9ment appr\u00e9ci\u00e9 Yann : sa p\u00e9dagogie, ses encouragements, sa\ngentillesse et sa franchise. Il a \u00e9t\u00e9 d\u2019un tr\u00e8s grand soutien pour notre fils\npendant trois ans. \u00bb<br>\n<br>\n13\/06\/2013 &#8211; Mme Monique F. &#8211; 38450 Saint Georges de Commiers&nbsp;&nbsp; \u2013<br>\n\u00ab si j\u2019avais prochainement besoin d\u2019un professeur, je choisirais de nouveau\nR\u00e9ussir l\u2019Ecole car c\u2019est bien clair et bien organis\u00e9. \u00bb<\/p>\n\n\n\n<p>08\/04\/2013 \u2013 Mme Claire M. &#8211; 38180 Seyssins &#8211;<br>\n\u00ab bonne \u00e9coute de l&rsquo;organisme et qualit\u00e9 du professeur. \u00bb <\/p>\n\n\n\n<p>25\/02\/2013 \u2013 Mme Sylvie DI V. &#8211; 38320 Bri\u00e9 et Angonnes \u2013<br>\n\u00ab tr\u00e8s satisfaite du choix du professeur qui est comp\u00e9tent, tr\u00e8s disponible et\ninvesti. \u00bb <\/p>\n\n\n\n<p>14\/09\/2012 &#8211; Mme Sandrine B. &#8211; 38640 Claix &#8211;<br>\n\u00ab Je souhaite poursuivre les cours avec Anne. Je suis tr\u00e8s contente de ses\nservices et mon fils l\u2019appr\u00e9cie beaucoup. \u00bb<br>\n<br>\n15\/06\/2012 &#8211; Mme Brigitte B. &#8211; 38350 La Mure \u2013<br>\n\u00ab Le professeur a su s\u2019adapter \u00e0 mon enfant et non pas l\u2019inverse. R\u00e9sultats\nplus que parfaits. Derni\u00e8re note d\u2019espagnol : 17. Avec tous mes remerciements \u00e0\nR\u00e9ussir L\u2019Ecole. \u00bb<br>\n<br>\n29\/05\/2012 &#8211; Mme Sylvie R. \u2013 38760 Varces \u2013<br>\n\u00ab Association tr\u00e8s s\u00e9rieuse et beaucoup de r\u00e9activit\u00e9. Professeur comp\u00e9tent,\ndisponible, s\u00e9rieux, tr\u00e8s poli, ayant un bon relationnel avec les ados. \u00bb<br>\n<br>\n02\/05\/12 \u2013 M. Maxime C. &#8211; 38450 Vif \u2013 <br>\n\u00ab Nous avons \u00e9t\u00e9 satisfaits de l\u2019intervention de Jean-Louis et de son\nimplication avec Mathieu. \u00bb<br>\n<br>\n30\/04\/2012 &#8211; M.&nbsp; Philippe B. &#8211; 38450 Vif \u2013<br>\n\u00ab Caroline a fait de nets progr\u00e8s en anglais gr\u00e2ce \u00e0 l\u2019assistance de Marina.\nNous appr\u00e9cions le s\u00e9rieux de l\u2019association dans le choix des professeurs.\u00bb<br>\n<br>\n10\/04\/2012 \u2013 M. Etienne M. -38130 Echirolles \u2013<br>\n\u00ab Bon rapport qualit\u00e9-prix et un bon accueil. J\u2019ai la sensation de travailler\navec un organisme de taille humaine. C\u2019est tr\u00e8s bien. \u00bb<\/p>\n\n\n\n<p>31\/03\/2012 &#8211; M. Olivier N. \u2013 38640 Claix \u2013<br>\n\u00ab Je tenais \u00e0 vous remercier de la qualit\u00e9 du soutien apport\u00e9 \u00e0 ma fille\nAngeline, et vous t\u00e9moigner mon enti\u00e8re satisfaction quant au soutien pr\u00e9cieux\nde l\u2019enseignant, tr\u00e8s comp\u00e9tent. Avec mes remerciements. \u00bb<br>\n<br>\n05\/02\/2012 &#8211; Mme Isabelle A. &#8211; 38240 Meylan \u2013<br>\n\u00ab J\u2019ai particuli\u00e8rement appr\u00e9ci\u00e9 le s\u00e9rieux, la fiabilit\u00e9, la facilit\u00e9\nd\u2019utilisation&nbsp; de R\u00e9ussir L\u2019Ecole. \u00bb<br>\n<br>\n10\/10\/2011 &#8211; Mme H\u00e9l\u00e8ne B. \u2013 38760 Varces \u2013<br>\n\u00ab Je tiens \u00e0 vous remercier de mettre \u00e0 notre disposition des personnes aussi\ncomp\u00e9tentes avec nos enfants, car Emilie a fait de grands progr\u00e8s.&nbsp; \u00bb<br>\n<br>\n10\/07\/2011 &#8211; Mme Fabienne B. \u2013 38760 Varces &#8211; <br>\n\u00ab Ce petit mot pour vous informer que Cl\u00e9ment a eu son bac du premier coup\n(cours de maths en juin en urgence !). Je n\u2019ai pas le num\u00e9ro de t\u00e9l\u00e9phone de\nson professeur, peut-\u00eatre pourriez-vous \u00e0 l\u2019occasion lui donner la bonne\nnouvelle ? 12 en maths, 11 en physique, 14 en SVT !!! Un grand merci. \u00bb <br>\n<br>\n10\/07\/2011 \u2013 Mme Marie-Laure F. \u2013 38770 la Motte-d\u2019Aveillans \u2013<br>\n\u00ab J\u2019appr\u00e9cie particuli\u00e8rement la r\u00e9ussite au bac S de Florian avec 9\/20 au lieu\nde 4\/20 durant le premier trimestre,&nbsp; ce qui correspond \u00e0 de nets\nprogr\u00e8s.&nbsp; \u00bb<br>\n<br>\n09\/06\/2011 \u2013 Mme In\u00e8s R. \u2013 38640 Claix \u2013<br>\n\u00ab Je dois vous confier que nous sommes enchant\u00e9s du professeur qui a bien guid\u00e9\nAdrien vers la r\u00e9ussite en seconde. \u00bb<br>\n<br>\n06\/12\/2010 \u2013 Mme In\u00e8s R. &#8211; 38640 Claix \u2013<br>\n\u00ab Disponibilit\u00e9 au t\u00e9l\u00e9phone, compr\u00e9hension, rapidit\u00e9 d\u2019action, bon professeur,\nsouplesse. \u00bb<br>\n<br>\n10\/07\/2009 \u2013 M. Jo\u00ebl&nbsp; C. \u2013 38760 Varces \u2013<br>\n\u00ab&nbsp; Merci pour tout. C\u00e9line a eu 13 en maths au bac. C\u2019\u00e9tait inesp\u00e9r\u00e9. \u00bb<br>\n<br>\n16\/04\/2009 \u2013 Mme Marie-No\u00eblle M. \u2013 38350 Oris-en-Rattier \u2013<br>\n\u00ab&nbsp; Depuis le mois de f\u00e9vrier, Yves donne des cours de math\u00e9matiques et de\nphysique \u00e0 ma fille Marine en 1re S. Nous sommes tr\u00e8s satisfaits de ses\nservices. Les notes de Marine ont beaucoup progress\u00e9 (16.5 en physique et 12.5\nen maths). \u00bb<br>\n<br>\n14\/04\/2009 \u2013 Mme Fran\u00e7oise G. &#8211; 38240 Meylan \u2013<br>\n\u00ab&nbsp; Tr\u00e8s bon fonctionnement de R\u00e9ussir L\u2019Ecole&nbsp; \u00bb<br>\n<br>\n24\/03\/2009 \u2013 M. Lionel C. \u2013 38450 Le Gua \u2013<br>\n\u00ab Merci \u00e0 Pascal. C\u2019est un professeur tr\u00e8s s\u00e9rieux. Notre fils a fait de grands\nprogr\u00e8s. \u00bb<br>\n<br>\n14\/03\/2009 \u2013 M. Mohammed B. \u2013 38800 Le Pont de Claix \u2013<br>\n\u00ab&nbsp; Rapidit\u00e9 de r\u00e9ponse, disponibilit\u00e9 des professeurs. \u00bb<br>\n<br>\n20\/04\/2008 \u2013 M. Alexis&nbsp; C. \u2013 38760 Varces \u2013<br>\n\u00ab Nous avons appr\u00e9ci\u00e9 l\u2019\u00e9coute de la responsable qui a su trouver l\u2019enseignant\nqui r\u00e9pondait au profil de l\u2019enfant. \u00bb<br>\n<br>\n31\/03\/2008 \u2013 M. Paul M. \u2013 38450 Le Gua \u2013<br>\n\u00ab Ecoute, adaptation et p\u00e9dagogie du professeur. \u00bb<br>\n<br>\n30\/03\/2008 \u2013 Mme Roseline S. \u2013 38420 Le Versoud \u2013<br>\n\u00ab Tr\u00e8s bon fonctionnement, nous sommes contents des services de R\u00e9ussir\nL\u2019Ecole. Les professeurs sont comp\u00e9tents, ils ont aid\u00e9 nos enfants, nous sommes\nenti\u00e8rement satisfaits.&nbsp; \u00bb<br>\n<br>\n11\/03\/2009 \u2013 Mme Isabelle A. &#8211; 38420 Le Versoud \u2013<br>\n\u00ab Professeurs motiv\u00e9s et s\u00e9rieux \u00bb<br>\n<br>\n26\/02\/2009 \u2013 Mme Victoria&nbsp; R. \u2013 38640 Claix \u2013<br>\n\u00ab&nbsp; Disponibilit\u00e9,&nbsp; rapidit\u00e9 et souplesse tr\u00e8s efficace de R\u00e9ussir\nL\u2019\u00e9cole. \u00bb<br>\n<br>\n08\/10\/2008 \u2013 Mme Josette B. \u2013 38770 La Motte-d\u2019Aveillans \u2013<br>\n\u00ab&nbsp; Tout est positif. Yves peut aussi aider Audrey pour les cours de\nphysique, c\u2019est tr\u00e8s bien. Il ne regarde pas l\u2019heure si Audrey n\u2019a pas tout\ncompris, ce que l\u2019on appr\u00e9cie. Pour nous cela nous convient tr\u00e8s bien. \u00bb<br>\n<br>\n01\/08\/2008 \u2013 M. Fran\u00e7ois F. \u2013 38450 Vif &#8211;<br>\n\u00ab L\u2019intervention de Damien a \u00e9t\u00e9 d\u00e9cisive puisque notre fille Marion a obtenu\nson bac S mention Tr\u00e8s Bien. Alors bravo et merci pour votre service. \u00bb<br>\n<br>\n25\/07\/2008 \u2013 M. Alexis B. -38420 Dom\u00e8ne \u2013<br>\n\u00ab Nous avons appr\u00e9ci\u00e9 la comp\u00e9tence des professeurs. \u00bb<br>\n<br>\n04\/01\/2008 \u2013 M. Michel S. \u2013 38600 Fontaine \u2013<br>\n\u00ab Nous sommes satisfaits des services fournis par&nbsp; Ludivine&nbsp; \u00bb<br>\n<br>\n03\/01\/2008 &#8211; Mme Nathalie P. \u2013 38400 Saint-Martin d\u2019H\u00e8res \u2013<br>\n\u00ab Nous vous pr\u00e9sentons nos meilleurs v\u0153ux pour la nouvelle ann\u00e9e 2008. Je\nprofite de l\u2019occasion pour vous informer que nous sommes tout \u00e0 fait satisfaits\ndes services de Carole qui est tr\u00e8s polyvalente et aussi tr\u00e8s dynamique. \u00bb <br>\n<br>\n18\/05\/2008 \u2013 Mme Josette M. \u2013 38450 Vif \u2013<br>\n\u00ab&nbsp; R\u00e9ussir L\u2019Ecole a su nous apporter la solution \u00e0 notre souci tr\u00e8s\nrapidement. Tr\u00e8s satisfaite \u00e0 ce jour. \u00bb<br>\n<br>\n13\/05\/2008 \u2013 Mme Florence M. 38450 Vif \u2013<br>\n\u00ab&nbsp; Les professeurs sont comp\u00e9tents et la directrice conciliante et\nsympathique.<br>\n<br>\n10\/11\/2007 \u2013 Mme Laurence P. \u2013 38450 Le Gua \u2013<br>\n\u00ab Bonne organisation. Professeur disponible et s\u00e9rieux. \u00bb<br>\n<br>\n01\/07\/2007 \u2013 Mme Catherine&nbsp; B. \u2013 38360 Sassenage \u2013<br>\n\u00ab J\u2019appr\u00e9cie la rapidit\u00e9 et le s\u00e9rieux de votre organisme. Ludovic a progress\u00e9,\nsurtout en m\u00e9thodes de travail. \u00bb<br>\n<br>\n03\/05\/2007 \u2013 Mme V\u00e9ronique G. \u2013 38450 Vif \u2013<br>\n\u00ab Merci de votre efficacit\u00e9 \u00bb<br>\n<br>\n23\/04\/2007 \u2013 Mme Jocelyne S. \u2013 38230 Echirolles \u2013<br>\n\u00ab J\u2019appr\u00e9cie tout particuli\u00e8rement la proximit\u00e9 de cette petite structure et la\nqualit\u00e9 de l\u2019enseignant. \u00bb<br>\n<br>\n23\/04\/2007 \u2013 Mme Sylviane E. \u2013 38450 Vif \u2013<br>\n\u00ab Les professeurs que nous avons rencontr\u00e9s sont comp\u00e9tents, agr\u00e9ables. R\u00e9ussir\nL\u2019Ecole est tr\u00e8s bien. \u00bb<br>\n<br>\n24\/04\/2007 \u2013 Mme Clotilde P.B \u2013 38140 Rives \u2013<br>\n\u00ab J\u2019appr\u00e9cie tout particuli\u00e8rement la qualit\u00e9 de l\u2019intervenant, surtout au\nniveau p\u00e9dagogique, et sa comp\u00e9tence. \u00bb<br>\n<br>\n21\/02\/2007 \u2013 Mme Claudine L. \u2013 38410 Saint-Martin d\u2019Uriage \u2013<br>\n\u00ab&nbsp; Je suis vraiment tr\u00e8s contente des cours que j\u2019ai suivis avec Micka\u00ebl\net de la grande r\u00e9activit\u00e9 de votre association. Sans h\u00e9siter, je la\nconseillerai, autour de moi. Merci encore et bonne continuation. \u00bb<br>\n<br>\n26\/09\/2006 \u2013 Mme Martine T. \u2013 38650 Saint-Martin de La Cluze \u2013<br>\n\u00ab&nbsp; Le fonctionnement de R\u00e9ussir L\u2019Ecole correspond \u00e0 notre attente. La\npremi\u00e8re exp\u00e9rience a \u00e9t\u00e9 tr\u00e8s positive. \u00bb<br>\n<br>\n28\/08\/2006 \u2013 M. Thierry T. \u2013 38650 Monestier de Clermont \u2013<br>\n\u00ab&nbsp; Relations avec la direction sans interm\u00e9diaire,&nbsp; rapidit\u00e9,\nefficacit\u00e9, comp\u00e9tences du professeur. \u00bb <br>\n<br>\n22\/08\/2006 \u2013 Mme Charl\u00e8ne&nbsp; N. \u2013 38410 Vaulnaveys-le-Bas \u2013<br>\n\u00ab Rapidit\u00e9 pour \u00eatre mis en relation avec un professeur. \u00bb<br>\n<br>\n07\/08\/2006 \u2013 Mme Sylviane E. \u2013 38450 Vif \u2013<br>\n\u00ab&nbsp; Je suis satisfaite des deux professeurs que j\u2019ai eus. Ce sont de bons\nprofesseurs. \u00bb<br>\n<br>\n07\/07\/2006 \u2013 M. Jean-Louis B.V. \u2013 38760 Saint-Paul de Varces \u2013<br>\n\u00ab Les profs sont sympas et apprennent bien. \u00bb <br>\n<br>\n18\/06\/2006 \u2013 M. Thierry M. \u2013 38400 Saint-Martin d\u2019H\u00e8res \u2013<br>\n&nbsp;\u00ab Le professeur a eu un tr\u00e8s contact avec notre fille. \u00bb<\/p>\n\n\n\n<p> 29\/06\/2006 \u2013 Mme Louisa H. \u2013 38560 Jarrie &#8211;<br> \u00ab Tr\u00e8s bonne \u00e9coute de la part de la responsable, disponibilit\u00e9, r\u00e9el int\u00e9r\u00eat pour l\u2019enfant. S\u00e9rieux et rapidit\u00e9 dans les d\u00e9marches. Nous avons \u00e9t\u00e9 satisfaits, parents et enfant, des services rendus par cet organisme. \u00bb<br> <br> 07\/06\/2006 \u2013 Mme Emmanuelle S. \u2013 38450 Saint-Georges de Commiers \u2013<br> \u00ab Association s\u00e9rieuse \u00bb<br> <br> 07\/06\/2006 \u2013 M. Michel O. \u2013 38180 Seyssins \u2013<br> \u00ab Bonne impression d\u2019ensemble des prestations et comp\u00e9tence ind\u00e9niable pour des cours d\u2019appui. \u00bb<br> <br> 22\/05\/2006 \u2013 M. Ludovic G. \u2013 38350 Sousville \u2013<br> \u00ab Syst\u00e8me de la \u00ab fiche bilan p\u00e9dagogique \u00bb tr\u00e8s int\u00e9ressant ! Cette fiche est vraiment utile car elle permet de cibler avec exactitude les points \u00e0 am\u00e9liorer. Professeurs comp\u00e9tents et r\u00e9sultats en am\u00e9lioration. Une bonne organisation et une bonne gestion. \u00bb<br> <br> 16\/05\/2006 \u2013 M. Claude V. \u2013 38760 Varces \u2013<br> \u00ab R\u00e9ussir l\u2019Ecole a r\u00e9pondu imm\u00e9diatement \u00e0 ma demande par des professeurs comp\u00e9tents. \u00bb<br> <br> 16\/05\/2006 \u2013 Mme B\u00e9reng\u00e8re L. \u2013 38320 Eybens \u2013<br> \u00ab Une association toujours \u00e0 notre \u00e9coute. \u00bb<br> <br> 30\/01\/2006 \u2013 Mme Nadia T. \u2013 38360 Sassenage \u2013<br> Ma demande a \u00e9t\u00e9 vite satisfaite. Le professeur est venu de suite et les cours ont commenc\u00e9 le plus t\u00f4t possible. \u00bb<br> <br> 06\/08\/2005 \u2013 Mme Sandrine P. \u2013 38450 Vif \u2013<br> \u00ab Disponibilit\u00e9 rapide d\u2019un professeur. R\u00e9ussir L\u2019Ecole est \u00e0 l\u2019\u00e9coute de nos demandes. \u00bb<br> <br> 30\/07\/2005 \u2013 M. Denis V. \u2013 38760 Varces \u2013<br> \u00ab Tout s\u2019est bien pass\u00e9 pour cette premi\u00e8re ann\u00e9e avec R\u00e9ussir L\u2019Ecole. \u00bb<br> <br> 22\/07\/2005 \u2013 Mme&nbsp; V\u00e9ronique G. \u2013 38000 Grenoble \u2013<br> \u00ab&nbsp; J\u2019ai appr\u00e9ci\u00e9 le s\u00e9rieux et l\u2019efficacit\u00e9 de l\u2019enseignant. \u00bb<br> <br> 15\/06\/2005 \u2013 Mme Sylvie E. \u2013 38450 Vif \u2013<br> \u00ab Nous avons \u00e9t\u00e9 tr\u00e8s satisfaits de vos services. \u00bb<br> <br> 05\/05\/2005 \u2013 Mme Pascale C. \u2013 38144 Notre-Dame-de Vaulx<br> \u00ab Nous sommes satisfaits du choix des professeurs. \u00bb<br> <br> 17\/03\/2005 \u2013 Mme Marie-Antoinette&nbsp; M. \u2013 38600 Fontaine<br> \u00ab Le professeur voit Jonathan le samedi apr\u00e8s-midi. Il est si aimable et comp\u00e9tent que c\u2019est bien volontiers que nous collaborons avec lui. Je vous remercie encore de la qualit\u00e9 du professeur que vous m\u2019avez envoy\u00e9. \u00bb<br> <br> 25\/02\/2005 \u2013 Mme Marilyn M. \u2013 38850 Paladru \u2013 <br> \u00ab Je tenais \u00e0 vous dire que les cours se sont tr\u00e8s bien pass\u00e9s et Anthony&nbsp; a beaucoup appr\u00e9ci\u00e9 J\u00e9r\u00e9my. \u00bb<br> <br> 20\/07\/2004 \u2013 Mme Fran\u00e7oise L.M. \u2013 38450 Vif<br> \u00ab Encore merci pour ma fille Maud. Son professeur de maths lui a redonn\u00e9 confiance en elle et lui a surtout permis par son aide \u00e0 r\u00e9ussir son brevet. \u00bb<br> <br> 15\/05\/2004 \u2013 Mme Maryse G. \u2013 38760 Varces<br> \u00ab&nbsp; Nous avons appr\u00e9ci\u00e9 la capacit\u00e9 de l\u2019enseignant \u00e0 se mettre \u00e0 la port\u00e9e de l\u2019\u00e9l\u00e8ve et \u00e0 comprendre ses difficult\u00e9s. \u00bb<br> <br> 27\/03\/2004 \u2013 M. Robert L. \u2013 38580 Allevard Les Bains \u2013<br> \u00ab Ma fille Fanny loue les services de Mickael et elle appr\u00e9cie les efforts culturels qu\u2019il a su faire partager. Je n\u2019ai qu\u2019\u00e0 me f\u00e9liciter de notre collaboration. \u00bb<br> <br> 10\/03\/2004 \u2013 Mme Florence de C. \u2013 38180 Seyssins \u2013<br> \u00ab R\u00e9activit\u00e9 de R\u00e9ussir L\u2019Ecole qui m\u2019a trouv\u00e9 un professeur en quelques jours. Qualit\u00e9s p\u00e9dagogiques du professeur. \u00bb<br> <br> 26\/07\/2003 \u2013 M. Jean-Charles&nbsp; P. \u2013 38450 Vif \u2013<br> \u00ab Nous avons beaucoup appr\u00e9ci\u00e9 les qualit\u00e9s de Micka\u00ebl, son s\u00e9rieux, sa comp\u00e9tence, son aisance \u00e0 la relation \u00e0 redonner confiance \u00e0 l\u2019enfant. Son aide a \u00e9t\u00e9 pr\u00e9cieuse \u00e0 Robin. \u00bb<br> <br> 05\/07\/2003 \u2013 M. Bernard G. \u2013 38450 Vif \u2013<br> \u00ab Nous tenons \u00e0 remercier Mickael pour ses comp\u00e9tences qui ont permis sans doute la r\u00e9ussite du bac de M\u00e9lissa. \u00bb<\/p>\n","protected":false},"excerpt":{"rendered":"<p>07\/08\/2024- Mme Carole P-A. &#8211; 38640 Claix &#8211; \u00a0\u00bb Je voulais vous remercier pour ma fille \u00c9lise. gr\u00e2ce \u00e0 sa &hellip; <\/p>\n","protected":false},"author":3,"featured_media":0,"parent":0,"menu_order":0,"comment_status":"closed","ping_status":"closed","template":"","meta":[],"_links":{"self":[{"href":"https:\/\/www.reussir-l-ecole.fr\/index.php?rest_route=\/wp\/v2\/pages\/57"}],"collection":[{"href":"https:\/\/www.reussir-l-ecole.fr\/index.php?rest_route=\/wp\/v2\/pages"}],"about":[{"href":"https:\/\/www.reussir-l-ecole.fr\/index.php?rest_route=\/wp\/v2\/types\/page"}],"author":[{"embeddable":true,"href":"https:\/\/www.reussir-l-ecole.fr\/index.php?rest_route=\/wp\/v2\/users\/3"}],"replies":[{"embeddable":true,"href":"https:\/\/www.reussir-l-ecole.fr\/index.php?rest_route=%2Fwp%2Fv2%2Fcomments&post=57"}],"version-history":[{"count":10,"href":"https:\/\/www.reussir-l-ecole.fr\/index.php?rest_route=\/wp\/v2\/pages\/57\/revisions"}],"predecessor-version":[{"id":251,"href":"https:\/\/www.reussir-l-ecole.fr\/index.php?rest_route=\/wp\/v2\/pages\/57\/revisions\/251"}],"wp:attachment":[{"href":"https:\/\/www.reussir-l-ecole.fr\/index.php?rest_route=%2Fwp%2Fv2%2Fmedia&parent=57"}],"curies":[{"name":"wp","href":"https:\/\/api.w.org\/{rel}","templated":true}]}}