{"id":55,"date":"2019-08-13T22:37:50","date_gmt":"2019-08-13T20:37:50","guid":{"rendered":"http:\/\/www.reussir-l-ecole.fr\/?page_id=55"},"modified":"2024-08-21T23:54:30","modified_gmt":"2024-08-21T21:54:30","slug":"tarifs","status":"publish","type":"page","link":"https:\/\/www.reussir-l-ecole.fr\/?page_id=55","title":{"rendered":"Tarifs ann\u00e9e scolaire 2024-2025"},"content":{"rendered":"\n<p><br><\/p>\n\n\n\n<figure class=\"wp-block-table\"><table><tbody><tr><td class=\"has-text-align-left\" data-align=\"left\">Niveau<\/td><td class=\"has-text-align-center\" data-align=\"center\">Tarif horaire<\/td><\/tr><tr><td class=\"has-text-align-left\" data-align=\"left\">Primaire \/ Coll\u00e8ge<\/td><td class=\"has-text-align-center\" data-align=\"center\">39 \u20ac<\/td><\/tr><tr><td class=\"has-text-align-left\" data-align=\"left\">Lyc\u00e9e<\/td><td class=\"has-text-align-center\" data-align=\"center\">41 \u20ac<\/td><\/tr><tr><td class=\"has-text-align-left\" data-align=\"left\">Sup\u00e9rieur \/ Adulte<\/td><td class=\"has-text-align-center\" data-align=\"center\">43 \u20ac<\/td><\/tr><tr><td class=\"has-text-align-left\" data-align=\"left\">Frais kilom\u00e9triques suppl\u00e9mentaires <br>(au del\u00e0 de 10 km du centre de Grenoble)<\/td><td class=\"has-text-align-center\" data-align=\"center\">0,50 \u20ac par km aller et par heure<\/td><\/tr><\/tbody><\/table><\/figure>\n\n\n\n<p><strong>REDUCTION OU CREDIT D\u2019 IMPOTS DE 50 % SUR L\u2019HEURE DE COURS :<\/strong><br> Par exemple, pour un cours de niveau coll\u00e8ge sur Grenoble, le cours vous revient \u00e0 <strong>19,50 \u20ac <\/strong>apr\u00e8s r\u00e9duction fiscale<\/p>\n\n\n\n<p style=\"font-size:9px\"> sous r\u00e9serve de remplir les conditions fix\u00e9es par l\u2019article 199 sexdecies du Code<\/p>\n\n\n\n<p><br><strong>AUCUN FRAIS D&rsquo;INSCRIPTION<\/strong><\/p>\n\n\n\n<p><strong>TARIFS DEGRESSIFS POUR TOUT FORFAIT DE 24 HEURES OU PLUS<\/strong><br><strong> <\/strong><\/p>\n","protected":false},"excerpt":{"rendered":"<p>Niveau Tarif horaire Primaire \/ Coll\u00e8ge 39 \u20ac Lyc\u00e9e 41 \u20ac Sup\u00e9rieur \/ Adulte 43 \u20ac Frais kilom\u00e9triques suppl\u00e9mentaires (au &hellip; <\/p>\n","protected":false},"author":3,"featured_media":0,"parent":0,"menu_order":0,"comment_status":"closed","ping_status":"closed","template":"","meta":[],"_links":{"self":[{"href":"https:\/\/www.reussir-l-ecole.fr\/index.php?rest_route=\/wp\/v2\/pages\/55"}],"collection":[{"href":"https:\/\/www.reussir-l-ecole.fr\/index.php?rest_route=\/wp\/v2\/pages"}],"about":[{"href":"https:\/\/www.reussir-l-ecole.fr\/index.php?rest_route=\/wp\/v2\/types\/page"}],"author":[{"embeddable":true,"href":"https:\/\/www.reussir-l-ecole.fr\/index.php?rest_route=\/wp\/v2\/users\/3"}],"replies":[{"embeddable":true,"href":"https:\/\/www.reussir-l-ecole.fr\/index.php?rest_route=%2Fwp%2Fv2%2Fcomments&post=55"}],"version-history":[{"count":13,"href":"https:\/\/www.reussir-l-ecole.fr\/index.php?rest_route=\/wp\/v2\/pages\/55\/revisions"}],"predecessor-version":[{"id":249,"href":"https:\/\/www.reussir-l-ecole.fr\/index.php?rest_route=\/wp\/v2\/pages\/55\/revisions\/249"}],"wp:attachment":[{"href":"https:\/\/www.reussir-l-ecole.fr\/index.php?rest_route=%2Fwp%2Fv2%2Fmedia&parent=55"}],"curies":[{"name":"wp","href":"https:\/\/api.w.org\/{rel}","templated":true}]}}