{"id":53,"date":"2019-08-13T22:37:27","date_gmt":"2019-08-13T20:37:27","guid":{"rendered":"http:\/\/www.reussir-l-ecole.fr\/?page_id=53"},"modified":"2023-08-02T16:44:52","modified_gmt":"2023-08-02T14:44:52","slug":"nos-services","status":"publish","type":"page","link":"https:\/\/www.reussir-l-ecole.fr\/?page_id=53","title":{"rendered":"Nos services"},"content":{"rendered":"\n<p>UN ENSEIGNEMENT PERSONNALIS\u00c9<br>Pr\u00e9sent sur Varces depuis 2002, R\u00e9ussir l\u2019Ecole est un organisme de soutien scolaire \u00e0 domicile qui vous propose dans toutes les mati\u00e8res et pour tous les niveaux un enseignement personnalis\u00e9. Nous intervenons sur tout le d\u00e9partement de l\u2019Is\u00e8re, et plus particuli\u00e8rement sur le sud Grenoble. Les cours ont lieu \u00e0 votre domicile, aux jours et aux heures qui vous conviennent : vous \u00e9vitez ainsi une perte de temps en d\u00e9placements ! Votre enfant dispose d\u2019un professeur qui se consacre enti\u00e8rement \u00e0 lui et qui prend en compte son rythme personnel et ses besoins sp\u00e9cifiques.<\/p>\n\n\n\n<p><br>DES PROFESSEURS SELECTIONN\u00c9S AVEC SOIN<br>G\u00e9r\u00e9 par une enseignante, REUSSIR L\u2019ECOLE propose sur Grenoble et sa r\u00e9gion, un enseignement de qualit\u00e9, assur\u00e9 par des professeurs confirm\u00e9s et non pas par des \u00e9tudiants. Tous nos enseignants ont au moins le niveau requis par l\u2019\u00c9ducation Nationale et sont pour la plupart en poste. Ils sont s\u00e9lectionn\u00e9s pour leurs qualit\u00e9s p\u00e9dagogiques, leur disponibilit\u00e9 et leur capacit\u00e9 \u00e0 \u00e9tablir une relation de confiance avec les \u00e9l\u00e8ves.<\/p>\n\n\n\n<p><br>UN SUIVI P\u00c9DAGOGIQUE<br>La responsable p\u00e9dagogique prendra contact avec vous pour d\u00e9terminer le profil scolaire de votre enfant et vous proposer le professeur le mieux adapt\u00e9 \u00e0 ses besoins. Pendant l\u2019ann\u00e9e scolaire, le professeur vous tient au courant des progr\u00e8s effectu\u00e9s par votre enfant. Nous vous adressons par ailleurs un bilan p\u00e9dagogique \u00e0 la fin de chaque stage ou trimestre, vous indiquant le travail effectu\u00e9, les progr\u00e8s et les nouvelles acquisitions de votre enfant.<\/p>\n\n\n\n<p><\/p>\n\n\n\n<p>AUCUNE FORMALIT\u00c9 ADMINISTRATIVE<br>Vous \u00eates employeur des professeurs mais R\u00e9ussir l\u2019Ecole prend en charge la totalit\u00e9 de vos d\u00e9marches administratives : immatriculation aupr\u00e8s de l\u2019URSSAF, versement des cotisations sociales et des salaires dus aux enseignants, \u00e9dition des bulletins de paye des professeurs.<\/p>\n\n\n\n<p><br> UN ENGAGEMENT POUR SEULEMENT 6 HEURES DE COURS<br> Nous vous proposons au d\u00e9part un forfait de 6 ou 12 heures de cours, vous n\u2019avez pas d\u2019engagement sur l\u2019ann\u00e9e scolaire ni m\u00eame sur un trimestre. Vous pouvez, et seulement si vous le souhaitez, renouveler le nombre d\u2019heures suivant les besoins de votre enfant. <\/p>\n\n\n\n<p>PAS DE FRAIS D&rsquo;INSCRIPTION :<\/p>\n\n\n\n<p>Soit une \u00e9conomie d\u2019environ 3 heures de cours de soutien scolaire, par rapport \u00e0 d\u2019autres  organismes.<\/p>\n\n\n\n<p><br> UN PROFESSEUR DISPONIBLE SOUS 48 HEURES<br> Nous nous engageons \u00e0 mettre un enseignant \u00e0 votre disposition sous 48 heures. Si le professeur que vous avez choisi ne correspondait pas \u00e0 vos attentes, nous vous proposons \u00e0 la place un autre enseignant sans frais suppl\u00e9mentaires.<\/p>\n\n\n\n<p style=\"font-size:-5px\"><br> REDUCTION OU CREDIT D\u2019IMP\u00d4T DE 50% SUR L\u2019HEURE DE COURS<br> Dans le cadre des emplois familiaux, vous pouvez b\u00e9n\u00e9ficier d\u2019un cr\u00e9dit ou d\u2019une r\u00e9duction d\u2019imp\u00f4t de 50% sur le montant de vos cours*. Cette r\u00e9duction s\u2019applique directement sur l\u2019imp\u00f4t \u00e0 payer. Nous vous adressons en d\u00e9but d\u2019ann\u00e9e une attestation fiscale qui vous permet de b\u00e9n\u00e9ficier de cette d\u00e9duction fiscale.<\/p>\n\n\n\n<p class=\"has-tiny-font-size\"><em> *article 199 sexd\u00e9ci\u00e9s du Code G\u00e9n\u00e9ral des Imp\u00f4ts, sous r\u00e9serve de<br> modification de la l\u00e9gislation.<\/em><\/p>\n\n\n\n<p> POSSIBILIT\u00c9 D\u2019\u00c9CHELONNEMENT DE VOS PAIEMENTS .<br> Le r\u00e8glement des cours se fait par coupons. Les coupons sont payables \u00e0 l\u2019avance mais vous avez la possibilit\u00e9, si vous le souhaitez, de r\u00e9gler votre facture en plusieurs fois.<\/p>\n\n\n\n<p><br> <\/p>\n","protected":false},"excerpt":{"rendered":"<p>UN ENSEIGNEMENT PERSONNALIS\u00c9Pr\u00e9sent sur Varces depuis 2002, R\u00e9ussir l\u2019Ecole est un organisme de soutien scolaire \u00e0 domicile qui vous propose &hellip; <\/p>\n","protected":false},"author":3,"featured_media":0,"parent":0,"menu_order":0,"comment_status":"closed","ping_status":"closed","template":"","meta":[],"_links":{"self":[{"href":"https:\/\/www.reussir-l-ecole.fr\/index.php?rest_route=\/wp\/v2\/pages\/53"}],"collection":[{"href":"https:\/\/www.reussir-l-ecole.fr\/index.php?rest_route=\/wp\/v2\/pages"}],"about":[{"href":"https:\/\/www.reussir-l-ecole.fr\/index.php?rest_route=\/wp\/v2\/types\/page"}],"author":[{"embeddable":true,"href":"https:\/\/www.reussir-l-ecole.fr\/index.php?rest_route=\/wp\/v2\/users\/3"}],"replies":[{"embeddable":true,"href":"https:\/\/www.reussir-l-ecole.fr\/index.php?rest_route=%2Fwp%2Fv2%2Fcomments&post=53"}],"version-history":[{"count":16,"href":"https:\/\/www.reussir-l-ecole.fr\/index.php?rest_route=\/wp\/v2\/pages\/53\/revisions"}],"predecessor-version":[{"id":234,"href":"https:\/\/www.reussir-l-ecole.fr\/index.php?rest_route=\/wp\/v2\/pages\/53\/revisions\/234"}],"wp:attachment":[{"href":"https:\/\/www.reussir-l-ecole.fr\/index.php?rest_route=%2Fwp%2Fv2%2Fmedia&parent=53"}],"curies":[{"name":"wp","href":"https:\/\/api.w.org\/{rel}","templated":true}]}}