{"id":38,"date":"2019-08-09T18:33:38","date_gmt":"2019-08-09T16:33:38","guid":{"rendered":"http:\/\/www.reussir-l-ecole.fr\/?page_id=38"},"modified":"2022-02-10T22:45:04","modified_gmt":"2022-02-10T21:45:04","slug":"accueil","status":"publish","type":"page","link":"https:\/\/www.reussir-l-ecole.fr\/","title":{"rendered":"Accueil"},"content":{"rendered":"\n<p><strong>Votre enfant est en difficult\u00e9 dans une ou plusieurs mati\u00e8res ? Ne laissez pas\u00a0 les lacunes s\u2019installer, faites appel \u00e0 un professeur\u00a0 de R\u00e9ussir l\u2019\u00e9cole qui va l\u2019aider \u00e0 reprendre confiance en lui.<\/strong><\/p>\n\n\n\n<p>REUSSIR L\u2019ECOLE, organisme de soutien scolaire g\u00e9r\u00e9 par une enseignante,&nbsp; propose depuis&nbsp; 20 ans  des cours particuliers \u00e0 domicile dans toutes les mati\u00e8res et pour tous les niveaux. Les cours ont lieu sous forme de s\u00e9ances hebdomadaires ou de stages de remises \u00e0 niveau.<\/p>\n\n\n\n<p>Notre engagement&nbsp;:<\/p>\n\n\n\n<ul><li>Nous travaillons uniquement avec des professeurs de m\u00e9tier, (personnel de l\u2019\u00e9ducation nationale ou du priv\u00e9 et non pas des \u00e9tudiants).<\/li><li>Nos enseignants sont s\u00e9lectionn\u00e9s pour leur exp\u00e9rience professionnelle, leurs comp\u00e9tences p\u00e9dagogiques mais aussi et surtout pour leur capacit\u00e9 \u00e0 \u00e9tablir une relation de confiance avec les \u00e9l\u00e8ves.<\/li><li>Nos professeurs mettent tous l\u2019accent sur les m\u00e9thodes de travail et adaptent leur p\u00e9dagogie en fonction des besoins de leurs \u00e9l\u00e8ves.<\/li><li>Pas de frais d\u2019inscription ni d\u2019engagement \u00e0 l\u2019ann\u00e9e.<\/li><\/ul>\n\n\n\n<p>Plus de 1700 familles ont fait appel \u00e0 nos services depuis 2002,  alors n\u2019attendez pas, appelez-nous d\u00e8s maintenant au 06 86 86 94 38.<\/p>\n\n\n\n<p>Avis  de  Mme Marie S. \u2013 38640 Claix le 05\/05\/2021  : \u00ab\u00a0 Lola a effectu\u00e9 une tr\u00e8s bonne ann\u00e9e de CP avec l\u2019aide de Christine qui est une personne fantastique! Encore merci pour votre soutien. \u00bb<\/p>\n","protected":false},"excerpt":{"rendered":"<p>Votre enfant est en difficult\u00e9 dans une ou plusieurs mati\u00e8res ? Ne laissez pas\u00a0 les lacunes s\u2019installer, faites appel \u00e0 &hellip; <\/p>\n","protected":false},"author":3,"featured_media":0,"parent":0,"menu_order":0,"comment_status":"closed","ping_status":"closed","template":"","meta":[],"_links":{"self":[{"href":"https:\/\/www.reussir-l-ecole.fr\/index.php?rest_route=\/wp\/v2\/pages\/38"}],"collection":[{"href":"https:\/\/www.reussir-l-ecole.fr\/index.php?rest_route=\/wp\/v2\/pages"}],"about":[{"href":"https:\/\/www.reussir-l-ecole.fr\/index.php?rest_route=\/wp\/v2\/types\/page"}],"author":[{"embeddable":true,"href":"https:\/\/www.reussir-l-ecole.fr\/index.php?rest_route=\/wp\/v2\/users\/3"}],"replies":[{"embeddable":true,"href":"https:\/\/www.reussir-l-ecole.fr\/index.php?rest_route=%2Fwp%2Fv2%2Fcomments&post=38"}],"version-history":[{"count":13,"href":"https:\/\/www.reussir-l-ecole.fr\/index.php?rest_route=\/wp\/v2\/pages\/38\/revisions"}],"predecessor-version":[{"id":131,"href":"https:\/\/www.reussir-l-ecole.fr\/index.php?rest_route=\/wp\/v2\/pages\/38\/revisions\/131"}],"wp:attachment":[{"href":"https:\/\/www.reussir-l-ecole.fr\/index.php?rest_route=%2Fwp%2Fv2%2Fmedia&parent=38"}],"curies":[{"name":"wp","href":"https:\/\/api.w.org\/{rel}","templated":true}]}}